{"id":470,"date":"2021-08-03T12:42:00","date_gmt":"2021-08-03T12:42:00","guid":{"rendered":"https:\/\/www.dtdd.com.tr\/?page_id=470"},"modified":"2021-08-04T08:16:04","modified_gmt":"2021-08-04T08:16:04","slug":"our-experts","status":"publish","type":"page","link":"https:\/\/www.dtdd.com.tr\/en\/our-experts\/","title":{"rendered":"Our Experts"},"content":{"rendered":"\t\t<div data-elementor-type=\"wp-page\" data-elementor-id=\"470\" class=\"elementor elementor-470 elementor-231\">\n\t\t\t\t\t\t<section class=\"elementor-section elementor-top-section elementor-element elementor-element-462a3a4 elementor-section-height-min-height elementor-section-boxed elementor-section-height-default elementor-section-items-middle\" data-id=\"462a3a4\" data-element_type=\"section\" data-settings=\"{&quot;background_background&quot;:&quot;classic&quot;}\">\n\t\t\t\t\t\t\t<div class=\"elementor-background-overlay\"><\/div>\n\t\t\t\t\t\t\t<div class=\"elementor-container elementor-column-gap-default\">\n\t\t\t\t\t<div class=\"elementor-column elementor-col-100 elementor-top-column elementor-element elementor-element-17b294d\" data-id=\"17b294d\" data-element_type=\"column\">\n\t\t\t<div class=\"elementor-widget-wrap elementor-element-populated\">\n\t\t\t\t\t\t<div class=\"elementor-element elementor-element-aeba01f elementor-widget elementor-widget-heading\" data-id=\"aeba01f\" data-element_type=\"widget\" data-widget_type=\"heading.default\">\n\t\t\t\t<div class=\"elementor-widget-container\">\n\t\t\t\t\t<h2 class=\"elementor-heading-title elementor-size-default\">UZMANLARIMIZ<\/h2>\t\t\t\t<\/div>\n\t\t\t\t<\/div>\n\t\t\t\t\t<\/div>\n\t\t<\/div>\n\t\t\t\t\t<\/div>\n\t\t<\/section>\n\t\t\t\t<section class=\"elementor-section elementor-top-section elementor-element elementor-element-7baef67 elementor-section-boxed elementor-section-height-default elementor-section-height-default\" data-id=\"7baef67\" data-element_type=\"section\">\n\t\t\t\t\t\t<div class=\"elementor-container elementor-column-gap-default\">\n\t\t\t\t\t<div class=\"elementor-column elementor-col-50 elementor-top-column elementor-element elementor-element-3efa1ad\" data-id=\"3efa1ad\" data-element_type=\"column\">\n\t\t\t<div class=\"elementor-widget-wrap elementor-element-populated\">\n\t\t\t\t\t\t<div class=\"elementor-element elementor-element-dc21e71 elementor-widget elementor-widget-spacer\" data-id=\"dc21e71\" data-element_type=\"widget\" data-widget_type=\"spacer.default\">\n\t\t\t\t<div class=\"elementor-widget-container\">\n\t\t\t\t\t\t\t<div class=\"elementor-spacer\">\n\t\t\t<div class=\"elementor-spacer-inner\"><\/div>\n\t\t<\/div>\n\t\t\t\t\t\t<\/div>\n\t\t\t\t<\/div>\n\t\t\t\t<div class=\"elementor-element elementor-element-6e971bf elementor-widget elementor-widget-heading\" data-id=\"6e971bf\" data-element_type=\"widget\" data-widget_type=\"heading.default\">\n\t\t\t\t<div class=\"elementor-widget-container\">\n\t\t\t\t\t<h2 class=\"elementor-heading-title elementor-size-default\">\u00d6ZG\u00dcR AKDO\u011eAN BULUT\n<br>\nGeneral Director<\/h2>\t\t\t\t<\/div>\n\t\t\t\t<\/div>\n\t\t\t\t<div class=\"elementor-element elementor-element-9e863df elementor-widget elementor-widget-text-editor\" data-id=\"9e863df\" data-element_type=\"widget\" data-widget_type=\"text-editor.default\">\n\t\t\t\t<div class=\"elementor-widget-container\">\n\t\t\t\t\t\t\t\t\t<p><span style=\"color: #000000;\">Bulut was born in 1975 in Ankara. He graduated from Construction Engineering Department, Engineering and Architecture Faculty, Bal\u0131kesir University in 1999. He completed his military service after graduation and started to work in the building audit sector. He started to work as a valuation expert in De-Ga Real Estate Valuation and Consultancy in 2007.<\/span><\/p><p>\u00a0<\/p><p><span style=\"color: #000000;\">\u00d6zg\u00fcr AKDO\u011eAN BULUT obtained Real Estate Valuation Licence from Capital Markets Board in 2013 and worked in numerous real estate valuation, development and feasibility of various structures. He took over D Ta\u015f\u0131nmaz De\u011ferleme ve Dan\u0131\u015fmanl\u0131k A.\u015e. Firm in March 2020 and he was been working as a \u201cSenior Valuation Expert\/General Director\u201d. He is married, has 1 child and lives in Istanbul.<\/span><\/p>\t\t\t\t\t\t\t\t<\/div>\n\t\t\t\t<\/div>\n\t\t\t\t\t<\/div>\n\t\t<\/div>\n\t\t\t\t<div class=\"elementor-column elementor-col-50 elementor-top-column elementor-element elementor-element-b4ec073\" data-id=\"b4ec073\" data-element_type=\"column\">\n\t\t\t<div class=\"elementor-widget-wrap elementor-element-populated\">\n\t\t\t\t\t\t<div class=\"elementor-element elementor-element-8682982 elementor-widget elementor-widget-spacer\" data-id=\"8682982\" data-element_type=\"widget\" data-widget_type=\"spacer.default\">\n\t\t\t\t<div class=\"elementor-widget-container\">\n\t\t\t\t\t\t\t<div class=\"elementor-spacer\">\n\t\t\t<div class=\"elementor-spacer-inner\"><\/div>\n\t\t<\/div>\n\t\t\t\t\t\t<\/div>\n\t\t\t\t<\/div>\n\t\t\t\t<div class=\"elementor-element elementor-element-eb57d36 elementor-widget elementor-widget-heading\" data-id=\"eb57d36\" data-element_type=\"widget\" data-widget_type=\"heading.default\">\n\t\t\t\t<div class=\"elementor-widget-container\">\n\t\t\t\t\t<h2 class=\"elementor-heading-title elementor-size-default\">\u015eEVK\u0130 TOLAN\n<br>\nAssistant General Director<\/h2>\t\t\t\t<\/div>\n\t\t\t\t<\/div>\n\t\t\t\t<div class=\"elementor-element elementor-element-258b5ef elementor-widget elementor-widget-text-editor\" data-id=\"258b5ef\" data-element_type=\"widget\" data-widget_type=\"text-editor.default\">\n\t\t\t\t<div class=\"elementor-widget-container\">\n\t\t\t\t\t\t\t\t\t<p><span style=\"color: #000000;\">Tolan was born in 1968 in \u0130stanbul. He graduated from Urban and Regional Planning, Faculty of Architecture, Mimar Sinan University in 1989 and completed, Urban Planning Master\u2019s, Urban Planning Department, Institute of Science, Mimar Sinan University in 1992. He completed his military service after graduation and has worked as an urban planner in various construction plans in Yap\u0131 \u00dcretim Organizasyon firm since 2005. \u015eevki TOLAN obtained his Real Estate Valuation Licence from Capital Markets Board in 2005 and started working as<\/span><\/p><p><span style=\"color: #000000;\">Co-Founder\/Senior Valuation Expert\/Istanbul Regional Director in Art\u0131 Ta\u015f\u0131nmaz De\u011ferleme ve Dan\u0131\u015fmanl\u0131k A.\u015e. firm, left his position in 2007 and started to work as Senior Valuation Expert\/Istanbul Regional Director in De-Ga Ta\u015f\u0131nmaz De\u011ferleme ve Dan\u0131\u015fmanl\u0131k A.\u015e. in 2007. He left De-Ga Ta\u015f\u0131nmaz De\u011ferleme ve Dan\u0131\u015fmanl\u0131k A.\u015e. firm in 2013 and worked as a solution partner for numerous real estate valuation, development and feasibility of different structures since 2020. He took over D Ta\u015f\u0131nmaz De\u011ferleme ve Dan\u0131\u015fmanl\u0131k A.\u015e. Firm in March 2020 and he was been working as a \u201cSenior Valuation Expert\/General Director Assistant\u201d. He is married, has 1 child and lives in Istanbul.<\/span><\/p>\t\t\t\t\t\t\t\t<\/div>\n\t\t\t\t<\/div>\n\t\t\t\t\t<\/div>\n\t\t<\/div>\n\t\t\t\t\t<\/div>\n\t\t<\/section>\n\t\t\t\t<section class=\"elementor-section elementor-top-section elementor-element elementor-element-c9d3c4b elementor-section-boxed elementor-section-height-default elementor-section-height-default\" data-id=\"c9d3c4b\" data-element_type=\"section\">\n\t\t\t\t\t\t<div class=\"elementor-container elementor-column-gap-default\">\n\t\t\t\t\t<div class=\"elementor-column elementor-col-100 elementor-top-column elementor-element elementor-element-fc271d0\" data-id=\"fc271d0\" data-element_type=\"column\">\n\t\t\t<div class=\"elementor-widget-wrap elementor-element-populated\">\n\t\t\t\t\t\t<div class=\"elementor-element elementor-element-e0041b4 elementor-widget elementor-widget-spacer\" data-id=\"e0041b4\" data-element_type=\"widget\" data-widget_type=\"spacer.default\">\n\t\t\t\t<div class=\"elementor-widget-container\">\n\t\t\t\t\t\t\t<div class=\"elementor-spacer\">\n\t\t\t<div class=\"elementor-spacer-inner\"><\/div>\n\t\t<\/div>\n\t\t\t\t\t\t<\/div>\n\t\t\t\t<\/div>\n\t\t\t\t<div class=\"elementor-element elementor-element-7872489 elementor-widget elementor-widget-heading\" data-id=\"7872489\" data-element_type=\"widget\" data-widget_type=\"heading.default\">\n\t\t\t\t<div class=\"elementor-widget-container\">\n\t\t\t\t\t<h2 class=\"elementor-heading-title elementor-size-default\">EL\u0130F EK\u015e\u0130O\u011eLU KER\u0130K\n<br>\nValuation Director<\/h2>\t\t\t\t<\/div>\n\t\t\t\t<\/div>\n\t\t\t\t<div class=\"elementor-element elementor-element-6d8545d elementor-widget elementor-widget-text-editor\" data-id=\"6d8545d\" data-element_type=\"widget\" data-widget_type=\"text-editor.default\">\n\t\t\t\t<div class=\"elementor-widget-container\">\n\t\t\t\t\t\t\t\t\t<p><span style=\"color: #000000;\">She graduated from the Public Administration Department, Faculty of Economics and Administrative Science, Sakarya University in 2004. She started her career in 2004 in D\u0131\u015fbank and she worked in Oyakbank between 2005-2007. She entered the sector as a valuation expert in 2007 in Anadolu Corporate Ta\u015f\u0131nmaz De\u011ferleme ve Dan\u0131\u015fmanl\u0131k A.\u015e. firm and worked as a valuation expert in De-Ga Ta\u015f\u0131nmaz De\u011ferleme ve Dan\u0131\u015fmanl\u0131k A.\u015e. between 2009-2012. She worked as a solution partner for numerous real estate valuation projects between 2012-2016 and started to work as Marmara Regional Director in Referans Group Ta\u015f\u0131nmaz De\u011ferleme ve Dan\u0131\u015fmanl\u0131k A.\u015e. in 2016. She left this position in 2017 and started to work as Report Control Director until the end of 2018 Harmoni Ta\u015f\u0131nmaz De\u011ferleme ve Dan\u0131\u015fmanl\u0131k A.\u015e.. She was assigned as Istanbul Regional Director in June 2020 in Cls Corporate Ta\u015f\u0131nmaz De\u011ferleme ve Dan\u0131\u015fmanl\u0131k A.\u015e. and she undertook the \u201cValuation Director\u201d position in October 2020 in D Ta\u015f\u0131nmaz De\u011ferleme ve Dan\u0131\u015fmanl\u0131k A.\u015e.. She is married, has 1 child and lives in Istanbul.<\/span><\/p>\t\t\t\t\t\t\t\t<\/div>\n\t\t\t\t<\/div>\n\t\t\t\t<div class=\"elementor-element elementor-element-47d05ee elementor-widget elementor-widget-spacer\" data-id=\"47d05ee\" data-element_type=\"widget\" data-widget_type=\"spacer.default\">\n\t\t\t\t<div class=\"elementor-widget-container\">\n\t\t\t\t\t\t\t<div class=\"elementor-spacer\">\n\t\t\t<div class=\"elementor-spacer-inner\"><\/div>\n\t\t<\/div>\n\t\t\t\t\t\t<\/div>\n\t\t\t\t<\/div>\n\t\t\t\t\t<\/div>\n\t\t<\/div>\n\t\t\t\t\t<\/div>\n\t\t<\/section>\n\t\t\t\t<\/div>\n\t\t","protected":false},"excerpt":{"rendered":"<p>UZMANLARIMIZ \u00d6ZG\u00dcR AKDO\u011eAN BULUT General Director Bulut was born in 1975 in Ankara. He graduated from Construction Engineering Department, Engineering and Architecture Faculty, Bal\u0131kesir University in 1999. He completed his military service after graduation and started to work in the building audit sector. He started to work as a valuation expert in De-Ga Real Estate&hellip; <a class=\"more-link\" href=\"https:\/\/www.dtdd.com.tr\/en\/our-experts\/\">Continue reading <span class=\"screen-reader-text\">Our Experts<\/span><\/a><\/p>\n","protected":false},"author":1,"featured_media":0,"parent":0,"menu_order":0,"comment_status":"closed","ping_status":"closed","template":"elementor_header_footer","meta":{"footnotes":""},"class_list":["post-470","page","type-page","status-publish","hentry","entry"],"_links":{"self":[{"href":"https:\/\/www.dtdd.com.tr\/en\/wp-json\/wp\/v2\/pages\/470","targetHints":{"allow":["GET"]}}],"collection":[{"href":"https:\/\/www.dtdd.com.tr\/en\/wp-json\/wp\/v2\/pages"}],"about":[{"href":"https:\/\/www.dtdd.com.tr\/en\/wp-json\/wp\/v2\/types\/page"}],"author":[{"embeddable":true,"href":"https:\/\/www.dtdd.com.tr\/en\/wp-json\/wp\/v2\/users\/1"}],"replies":[{"embeddable":true,"href":"https:\/\/www.dtdd.com.tr\/en\/wp-json\/wp\/v2\/comments?post=470"}],"version-history":[{"count":0,"href":"https:\/\/www.dtdd.com.tr\/en\/wp-json\/wp\/v2\/pages\/470\/revisions"}],"wp:attachment":[{"href":"https:\/\/www.dtdd.com.tr\/en\/wp-json\/wp\/v2\/media?parent=470"}],"curies":[{"name":"wp","href":"https:\/\/api.w.org\/{rel}","templated":true}]}}