{"id":481,"date":"2021-08-03T12:51:39","date_gmt":"2021-08-03T12:51:39","guid":{"rendered":"https:\/\/www.dtdd.com.tr\/?page_id=481"},"modified":"2021-08-04T13:37:38","modified_gmt":"2021-08-04T13:37:38","slug":"perpetual-briefing-form","status":"publish","type":"page","link":"https:\/\/www.dtdd.com.tr\/en\/perpetual-briefing-form\/","title":{"rendered":"Perpetual Briefing Form"},"content":{"rendered":"\t\t<div data-elementor-type=\"wp-page\" data-elementor-id=\"481\" class=\"elementor elementor-481 elementor-328\">\n\t\t\t\t\t\t<section class=\"elementor-section elementor-top-section elementor-element elementor-element-0e41f22 elementor-section-boxed elementor-section-height-default elementor-section-height-default\" data-id=\"0e41f22\" data-element_type=\"section\">\n\t\t\t\t\t\t<div class=\"elementor-container elementor-column-gap-default\">\n\t\t\t\t\t<div class=\"elementor-column elementor-col-100 elementor-top-column elementor-element elementor-element-7f1243b\" data-id=\"7f1243b\" data-element_type=\"column\">\n\t\t\t<div class=\"elementor-widget-wrap elementor-element-populated\">\n\t\t\t\t\t\t<div class=\"elementor-element elementor-element-e8c8308 elementor-widget elementor-widget-heading\" data-id=\"e8c8308\" data-element_type=\"widget\" data-widget_type=\"heading.default\">\n\t\t\t\t<div class=\"elementor-widget-container\">\n\t\t\t\t\t<h2 class=\"elementor-heading-title elementor-size-default\">Perpetual Briefing Form<\/h2>\t\t\t\t<\/div>\n\t\t\t\t<\/div>\n\t\t\t\t\t<\/div>\n\t\t<\/div>\n\t\t\t\t\t<\/div>\n\t\t<\/section>\n\t\t\t\t<section class=\"elementor-section elementor-top-section elementor-element elementor-element-eda2497 elementor-section-boxed elementor-section-height-default elementor-section-height-default\" data-id=\"eda2497\" data-element_type=\"section\">\n\t\t\t\t\t\t<div class=\"elementor-container elementor-column-gap-default\">\n\t\t\t\t\t<div class=\"elementor-column elementor-col-100 elementor-top-column elementor-element elementor-element-63007c1\" data-id=\"63007c1\" data-element_type=\"column\">\n\t\t\t<div class=\"elementor-widget-wrap elementor-element-populated\">\n\t\t\t\t\t\t<div class=\"elementor-element elementor-element-2246eb2 elementor-widget elementor-widget-text-editor\" data-id=\"2246eb2\" data-element_type=\"widget\" data-widget_type=\"text-editor.default\">\n\t\t\t\t<div class=\"elementor-widget-container\">\n\t\t\t\t\t\t\t\t\t<table style=\"font-weight: 400;\"><tbody><tr><td colspan=\"2\" width=\"263\"><p>Title of the Assessment Establishment<\/p><\/td><td colspan=\"2\" width=\"361\"><p>D TA\u015eINMAZ DE\u011eERLEME VE DANI\u015eMANLIK A.\u015e.<\/p><\/td><\/tr><tr><td colspan=\"2\" width=\"263\"><p>Headquarters Address<\/p><\/td><td colspan=\"2\" width=\"361\"><p>Yal\u0131 Mahallesi, Kadir Sokak, No: 14\/256 Kartal \/ \u0130stanbul<\/p><\/td><\/tr><tr><td colspan=\"2\" width=\"263\"><p>Phone-Fax Number<\/p><\/td><td colspan=\"2\" width=\"361\"><p><strong>216 9692661<\/strong><\/p><\/td><\/tr><tr><td colspan=\"2\" width=\"263\"><p>Trade Registry Number<\/p><\/td><td colspan=\"2\" width=\"361\"><p>273909<\/p><\/td><\/tr><tr><td colspan=\"2\" width=\"263\"><p>SPK Authorization Date<\/p><\/td><td colspan=\"2\" width=\"361\"><p>19.03.2010<\/p><\/td><\/tr><tr><td colspan=\"2\" width=\"263\"><p>Internet address<\/p><\/td><td colspan=\"2\" width=\"361\"><p><a href=\"http:\/\/www.d-degerleme.com\/\">www.d-degerleme.com<\/a><\/p><\/td><\/tr><tr><td width=\"86\"><p>Branches<\/p><\/td><td width=\"178\"><p>Address<\/p><\/td><td width=\"180\"><p>Phone Number<\/p><\/td><td width=\"181\"><p>Fax Number<\/p><\/td><\/tr><tr><td width=\"86\">\u00a0<\/td><td width=\"178\">\u00a0<\/td><td width=\"180\">\u00a0<\/td><td width=\"181\">\u00a0<\/td><\/tr><\/tbody><\/table><p style=\"font-weight: 400;\">\u00a0<\/p><p style=\"font-weight: 400;\">Qualified Shareholders \/ Responsible Appraisers<\/p><table style=\"font-weight: 400;\"><tbody><tr><td width=\"35\">\u00a0<\/td><td width=\"142\"><p>Name-Surname<\/p><\/td><td width=\"104\"><p>National Identity Number<\/p><\/td><td width=\"95\"><p>Title<\/p><\/td><td width=\"76\"><p>Corporation Share (%)<\/p><\/td><td width=\"170\"><p>Share Amount (TL)<\/p><\/td><\/tr><tr><td width=\"35\"><p>1<\/p><\/td><td width=\"142\"><p>\u00d6ZG\u00dcR AKDO\u011eAN BULUT<\/p><\/td><td width=\"104\"><p>35644364522<\/p><\/td><td width=\"95\"><p>Y\u00f6n. Kur.<\/p><p>Ba\u015fk.<\/p><\/td><td width=\"76\"><p>75<\/p><\/td><td width=\"170\"><p>750.000<\/p><\/td><\/tr><tr><td width=\"35\"><p>2<\/p><\/td><td width=\"142\"><p>\u015eEVK\u0130 TOLAN<\/p><\/td><td width=\"104\"><p>27221378800<\/p><\/td><td width=\"95\"><p>Y\u00f6n.Kur. \u00dcyesi<\/p><\/td><td width=\"76\"><p>25<\/p><\/td><td width=\"170\"><p>250.000<\/p><\/td><\/tr><tr><td width=\"35\">\u00a0<\/td><td width=\"142\">\u00a0<\/td><td width=\"104\">\u00a0<\/td><td width=\"95\">\u00a0<\/td><td width=\"76\"><p>%100<\/p><\/td><td width=\"170\"><p>Paid Fund 1.000.000TL<\/p><\/td><\/tr><\/tbody><\/table><p style=\"font-weight: 400;\">\u00a0<\/p><p style=\"font-weight: 400;\">Managers and Auditor<\/p><table style=\"font-weight: 400;\"><tbody><tr><td width=\"29\">\u00a0<\/td><td width=\"177\"><p>Name-Surname<\/p><\/td><td width=\"123\"><p>National Identity Number<\/p><\/td><td width=\"293\"><p>Title<\/p><\/td><\/tr><tr><td width=\"29\"><p>1<\/p><\/td><td width=\"177\"><p>\u00d6ZG\u00dcR AKDO\u011eAN BULUT<\/p><\/td><td width=\"123\"><p>35644364522<\/p><\/td><td width=\"293\"><p>Chairman of the Executive Board<\/p><\/td><\/tr><tr><td width=\"29\"><p>2<\/p><\/td><td width=\"177\"><p>\u015eEVK\u0130 TOLAN<\/p><\/td><td width=\"123\"><p>27221378800<\/p><\/td><td width=\"293\"><p>Executive Board Member<\/p><\/td><\/tr><tr><td width=\"29\">\u00a0<\/td><td width=\"177\"><p>KARAR BA\u011eIMSIZ DENET\u0130M VE DANI\u015eMANLIK A.\u015e.<\/p><\/td><td width=\"123\">\u00a0<\/td><td width=\"293\"><p>Auditor<\/p><\/td><\/tr><\/tbody><\/table><p>\u00a0<\/p><p style=\"font-weight: 400;\">Valuation Expert\u00a0<\/p><table style=\"font-weight: 400;\"><tbody><tr><td width=\"36\">\u00a0<\/td><td width=\"199\"><p>Name-Surname<\/p><\/td><td width=\"142\"><p>National Identity Number<\/p><\/td><td width=\"116\"><p>Title<\/p><\/td><td width=\"130\"><p>SPK Licence Number<\/p><\/td><\/tr><tr><td width=\"36\"><p>1<\/p><\/td><td width=\"199\"><p>\u00d6ZG\u00dcR AKDO\u011eAN BULUT<\/p><\/td><td width=\"142\"><p>35644364522<\/p><\/td><td width=\"116\"><p>SDU<\/p><\/td><td width=\"130\"><p>402500<\/p><\/td><\/tr><tr><td width=\"36\"><p>2<\/p><\/td><td width=\"199\"><p>\u015eEVK\u0130 TOLAN<\/p><\/td><td width=\"142\"><p>27221378800<\/p><\/td><td width=\"116\"><p>SDU<\/p><\/td><td width=\"130\"><p>400258<\/p><\/td><\/tr><\/tbody><\/table>\t\t\t\t\t\t\t\t<\/div>\n\t\t\t\t<\/div>\n\t\t\t\t\t<\/div>\n\t\t<\/div>\n\t\t\t\t\t<\/div>\n\t\t<\/section>\n\t\t\t\t<\/div>\n\t\t","protected":false},"excerpt":{"rendered":"<p>Perpetual Briefing Form Title of the Assessment Establishment D TA\u015eINMAZ DE\u011eERLEME VE DANI\u015eMANLIK A.\u015e. Headquarters Address Yal\u0131 Mahallesi, Kadir Sokak, No: 14\/256 Kartal \/ \u0130stanbul Phone-Fax Number 216 9692661 Trade Registry Number 273909 SPK Authorization Date 19.03.2010 Internet address www.d-degerleme.com Branches Address Phone Number Fax Number \u00a0 \u00a0 \u00a0 \u00a0 \u00a0 Qualified Shareholders \/ Responsible&hellip; <a class=\"more-link\" href=\"https:\/\/www.dtdd.com.tr\/en\/perpetual-briefing-form\/\">Continue reading <span class=\"screen-reader-text\">Perpetual Briefing Form<\/span><\/a><\/p>\n","protected":false},"author":1,"featured_media":0,"parent":0,"menu_order":0,"comment_status":"closed","ping_status":"closed","template":"elementor_header_footer","meta":{"footnotes":""},"class_list":["post-481","page","type-page","status-publish","hentry","entry"],"_links":{"self":[{"href":"https:\/\/www.dtdd.com.tr\/en\/wp-json\/wp\/v2\/pages\/481","targetHints":{"allow":["GET"]}}],"collection":[{"href":"https:\/\/www.dtdd.com.tr\/en\/wp-json\/wp\/v2\/pages"}],"about":[{"href":"https:\/\/www.dtdd.com.tr\/en\/wp-json\/wp\/v2\/types\/page"}],"author":[{"embeddable":true,"href":"https:\/\/www.dtdd.com.tr\/en\/wp-json\/wp\/v2\/users\/1"}],"replies":[{"embeddable":true,"href":"https:\/\/www.dtdd.com.tr\/en\/wp-json\/wp\/v2\/comments?post=481"}],"version-history":[{"count":1,"href":"https:\/\/www.dtdd.com.tr\/en\/wp-json\/wp\/v2\/pages\/481\/revisions"}],"predecessor-version":[{"id":618,"href":"https:\/\/www.dtdd.com.tr\/en\/wp-json\/wp\/v2\/pages\/481\/revisions\/618"}],"wp:attachment":[{"href":"https:\/\/www.dtdd.com.tr\/en\/wp-json\/wp\/v2\/media?parent=481"}],"curies":[{"name":"wp","href":"https:\/\/api.w.org\/{rel}","templated":true}]}}